{"id":4306,"date":"2025-10-13T14:11:42","date_gmt":"2025-10-13T12:11:42","guid":{"rendered":"https:\/\/vvaconsultants.com\/aviso-legal\/"},"modified":"2026-04-27T16:58:37","modified_gmt":"2026-04-27T14:58:37","slug":"aviso-legal","status":"publish","type":"page","link":"https:\/\/vvaconsultants.com\/en\/aviso-legal\/","title":{"rendered":"Aviso legal"},"content":{"rendered":"\t\t<div data-elementor-type=\"wp-page\" data-elementor-id=\"4306\" class=\"elementor elementor-4306 elementor-4038\" data-elementor-post-type=\"page\">\n\t\t\t\t<div class=\"elementor-element elementor-element-49a578e e-flex e-con-boxed wpr-particle-no wpr-jarallax-no wpr-parallax-no wpr-sticky-section-no wpr-equal-height-no e-con e-parent\" data-id=\"49a578e\" data-element_type=\"container\" data-settings=\"{&quot;background_background&quot;:&quot;classic&quot;}\">\n\t\t\t\t\t<div class=\"e-con-inner\">\n\t\t\t\t<div class=\"elementor-element elementor-element-310788a elementor-widget elementor-widget-heading\" data-id=\"310788a\" data-element_type=\"widget\" data-widget_type=\"heading.default\">\n\t\t\t\t<div class=\"elementor-widget-container\">\n\t\t\t\t\t<h1 class=\"elementor-heading-title elementor-size-default\">Aviso Legal<\/h1>\t\t\t\t<\/div>\n\t\t\t\t<\/div>\n\t\t\t\t\t<\/div>\n\t\t\t\t<\/div>\n\t\t<div class=\"elementor-element elementor-element-0410f3d e-flex e-con-boxed wpr-particle-no wpr-jarallax-no wpr-parallax-no wpr-sticky-section-no wpr-equal-height-no e-con e-parent\" data-id=\"0410f3d\" data-element_type=\"container\" data-settings=\"{&quot;background_background&quot;:&quot;classic&quot;}\">\n\t\t\t\t\t<div class=\"e-con-inner\">\n\t\t<div class=\"elementor-element elementor-element-bc6a5f8 e-con-full e-flex wpr-particle-no wpr-jarallax-no wpr-parallax-no wpr-sticky-section-no wpr-equal-height-no e-con e-child\" data-id=\"bc6a5f8\" data-element_type=\"container\">\n\t\t<div class=\"elementor-element elementor-element-eb96aac e-con-full e-flex wpr-particle-no wpr-jarallax-no wpr-parallax-no wpr-sticky-section-no wpr-equal-height-no e-con e-child\" data-id=\"eb96aac\" data-element_type=\"container\" data-settings=\"{&quot;background_background&quot;:&quot;classic&quot;}\">\n\t\t\t\t<div class=\"elementor-element elementor-element-a01fce1 elementor-widget elementor-widget-text-editor\" data-id=\"a01fce1\" data-element_type=\"widget\" data-widget_type=\"text-editor.default\">\n\t\t\t\t<div class=\"elementor-widget-container\">\n\t\t\t\t\t\t\t\t\t<h2><strong>Informaci\u00f3n General<\/strong><\/h2><p>El titular del sitio web http:\/\/www.vvaconsultants.com es VIOL\u00c1N, VIDAL Y ASOCIADOS S.L., con NIF B65169559 y domicilio en Rambla Catalunya 66. 6\u00ba-F, 08007, BARCELONA. La entidad se encuentra inscrita en el Registro Mercantil con los siguientes datos de inscripci\u00f3n: Inscrita Registro Mercantil de Barcelona. Tomo 41456, folio 173 hoja 38542. <\/p><p>Con \u00e1nimo de que el uso del sitio web se ajuste a criterios de transparencia, claridad y sencillez, VIOL\u00c1N, VIDAL Y ASOCIADOS S.L. informa al usuario que cualquier sugerencia, duda o consulta sobre el presente Aviso Legal o cualquier otro documento informativo del sitio web ser\u00e1 recibida y solucionada contactando con VIOL\u00c1N, VIDAL Y ASOCIADOS S.L., a trav\u00e9s de la direcci\u00f3n de correo electr\u00f3nica: info@vvaconsultants.com<\/p><h2><strong>Propiedad Intelectual<\/strong><\/h2><p>Todos los contenidos que se muestran en el presente sitio web, y en especial dise\u00f1os, textos, im\u00e1genes, logos, iconos, nombres comerciales, marcas o cualquier otra informaci\u00f3n susceptible de utilizaci\u00f3n industrial y\/o comercial est\u00e1n protegidos por los correspondientes derechos de autor, no permitiendo su reproducci\u00f3n, transmisi\u00f3n o registro de informaci\u00f3n salvo autorizaci\u00f3n previa del titular, VIOL\u00c1N, VIDAL Y ASOCIADOS S.L.. No obstante, el usuario podr\u00e1 utilizar informaci\u00f3n facilitada para gestionar su pedido y los datos de contacto correspondientes. <\/p><h2><strong>Enlaces<\/strong><\/h2><p>VIOL\u00c1N, VIDAL Y ASOCIADOS S.L. no asume ninguna responsabilidad sobre los enlaces hac\u00eda otros sitios o p\u00e1ginas web que, en su caso, pudieran incluirse en el mismo, ya que no tiene ning\u00fan tipo de control sobre los mismos, por lo que el usuario accede bajo su exclusiva responsabilidad al contenido y en las condiciones de uso que rijan en los mismos.<\/p>\t\t\t\t\t\t\t\t<\/div>\n\t\t\t\t<\/div>\n\t\t\t\t<\/div>\n\t\t\t\t<\/div>\n\t\t\t\t\t<\/div>\n\t\t\t\t<\/div>\n\t\t\t\t<\/div>\n\t\t","protected":false},"excerpt":{"rendered":"<p>Aviso Legal Informaci\u00f3n General El titular del sitio web http:\/\/www.vvaconsultants.com es VIOL\u00c1N, VIDAL Y ASOCIADOS S.L., con NIF B65169559 y<\/p>\n","protected":false},"author":1,"featured_media":0,"parent":0,"menu_order":0,"comment_status":"closed","ping_status":"closed","template":"","meta":{"_acf_changed":false,"site-sidebar-layout":"no-sidebar","site-content-layout":"","ast-site-content-layout":"full-width-container","site-content-style":"default","site-sidebar-style":"default","ast-global-header-display":"","ast-banner-title-visibility":"disabled","ast-main-header-display":"","ast-hfb-above-header-display":"","ast-hfb-below-header-display":"","ast-hfb-mobile-header-display":"","site-post-title":"disabled","ast-breadcrumbs-content":"","ast-featured-img":"disabled","footer-sml-layout":"","theme-transparent-header-meta":"","adv-header-id-meta":"","stick-header-meta":"","header-above-stick-meta":"","header-main-stick-meta":"","header-below-stick-meta":"","astra-migrate-meta-layouts":"default","ast-page-background-enabled":"default","ast-page-background-meta":{"desktop":{"background-color":"var(--ast-global-color-4)","background-image":"","background-repeat":"repeat","background-position":"center center","background-size":"auto","background-attachment":"scroll","background-type":"","background-media":"","overlay-type":"","overlay-color":"","overlay-opacity":"","overlay-gradient":""},"tablet":{"background-color":"","background-image":"","background-repeat":"repeat","background-position":"center center","background-size":"auto","background-attachment":"scroll","background-type":"","background-media":"","overlay-type":"","overlay-color":"","overlay-opacity":"","overlay-gradient":""},"mobile":{"background-color":"","background-image":"","background-repeat":"repeat","background-position":"center center","background-size":"auto","background-attachment":"scroll","background-type":"","background-media":"","overlay-type":"","overlay-color":"","overlay-opacity":"","overlay-gradient":""}},"ast-content-background-meta":{"desktop":{"background-color":"var(--ast-global-color-5)","background-image":"","background-repeat":"repeat","background-position":"center center","background-size":"auto","background-attachment":"scroll","background-type":"","background-media":"","overlay-type":"","overlay-color":"","overlay-opacity":"","overlay-gradient":""},"tablet":{"background-color":"var(--ast-global-color-5)","background-image":"","background-repeat":"repeat","background-position":"center center","background-size":"auto","background-attachment":"scroll","background-type":"","background-media":"","overlay-type":"","overlay-color":"","overlay-opacity":"","overlay-gradient":""},"mobile":{"background-color":"var(--ast-global-color-5)","background-image":"","background-repeat":"repeat","background-position":"center center","background-size":"auto","background-attachment":"scroll","background-type":"","background-media":"","overlay-type":"","overlay-color":"","overlay-opacity":"","overlay-gradient":""}},"footnotes":""},"class_list":["post-4306","page","type-page","status-publish","hentry"],"acf":[],"yoast_head":"<!-- This site is optimized with the Yoast SEO plugin v27.5 - https:\/\/yoast.com\/product\/yoast-seo-wordpress\/ -->\n<title>Aviso legal - VVA Consultants<\/title>\n<meta name=\"robots\" content=\"index, follow, max-snippet:-1, max-image-preview:large, max-video-preview:-1\" \/>\n<link rel=\"canonical\" href=\"https:\/\/vvaconsultants.com\/en\/aviso-legal\/\" \/>\n<meta property=\"og:locale\" content=\"en_US\" \/>\n<meta property=\"og:type\" content=\"article\" \/>\n<meta property=\"og:title\" content=\"Aviso legal - VVA Consultants\" \/>\n<meta property=\"og:description\" content=\"Aviso Legal Informaci\u00f3n General El titular del sitio web http:\/\/www.vvaconsultants.com es VIOL\u00c1N, VIDAL Y ASOCIADOS S.L., con NIF B65169559 y\" \/>\n<meta property=\"og:url\" content=\"https:\/\/vvaconsultants.com\/en\/aviso-legal\/\" \/>\n<meta property=\"og:site_name\" content=\"VVA Consultants\" \/>\n<meta property=\"article:modified_time\" content=\"2026-04-27T14:58:37+00:00\" \/>\n<meta name=\"twitter:card\" content=\"summary_large_image\" \/>\n<meta name=\"twitter:label1\" content=\"Est. reading time\" \/>\n\t<meta name=\"twitter:data1\" content=\"1 minute\" \/>\n<script type=\"application\/ld+json\" class=\"yoast-schema-graph\">{\"@context\":\"https:\\\/\\\/schema.org\",\"@graph\":[{\"@type\":\"WebPage\",\"@id\":\"https:\\\/\\\/vvaconsultants.com\\\/en\\\/aviso-legal\\\/\",\"url\":\"https:\\\/\\\/vvaconsultants.com\\\/en\\\/aviso-legal\\\/\",\"name\":\"Aviso legal - VVA Consultants\",\"isPartOf\":{\"@id\":\"https:\\\/\\\/vvaconsultants.com\\\/en\\\/#website\"},\"datePublished\":\"2025-10-13T12:11:42+00:00\",\"dateModified\":\"2026-04-27T14:58:37+00:00\",\"breadcrumb\":{\"@id\":\"https:\\\/\\\/vvaconsultants.com\\\/en\\\/aviso-legal\\\/#breadcrumb\"},\"inLanguage\":\"en-US\",\"potentialAction\":[{\"@type\":\"ReadAction\",\"target\":[\"https:\\\/\\\/vvaconsultants.com\\\/en\\\/aviso-legal\\\/\"]}]},{\"@type\":\"BreadcrumbList\",\"@id\":\"https:\\\/\\\/vvaconsultants.com\\\/en\\\/aviso-legal\\\/#breadcrumb\",\"itemListElement\":[{\"@type\":\"ListItem\",\"position\":1,\"name\":\"Portada\",\"item\":\"https:\\\/\\\/vvaconsultants.com\\\/en\\\/home\\\/\"},{\"@type\":\"ListItem\",\"position\":2,\"name\":\"Aviso legal\"}]},{\"@type\":\"WebSite\",\"@id\":\"https:\\\/\\\/vvaconsultants.com\\\/en\\\/#website\",\"url\":\"https:\\\/\\\/vvaconsultants.com\\\/en\\\/\",\"name\":\"VVA Consultants\",\"description\":\"\",\"publisher\":{\"@id\":\"https:\\\/\\\/vvaconsultants.com\\\/en\\\/#organization\"},\"potentialAction\":[{\"@type\":\"SearchAction\",\"target\":{\"@type\":\"EntryPoint\",\"urlTemplate\":\"https:\\\/\\\/vvaconsultants.com\\\/en\\\/?s={search_term_string}\"},\"query-input\":{\"@type\":\"PropertyValueSpecification\",\"valueRequired\":true,\"valueName\":\"search_term_string\"}}],\"inLanguage\":\"en-US\"},{\"@type\":\"Organization\",\"@id\":\"https:\\\/\\\/vvaconsultants.com\\\/en\\\/#organization\",\"name\":\"VVA Consultants\",\"url\":\"https:\\\/\\\/vvaconsultants.com\\\/en\\\/\",\"logo\":{\"@type\":\"ImageObject\",\"inLanguage\":\"en-US\",\"@id\":\"https:\\\/\\\/vvaconsultants.com\\\/en\\\/#\\\/schema\\\/logo\\\/image\\\/\",\"url\":\"https:\\\/\\\/vvaconsultants.com\\\/wp-content\\\/uploads\\\/2025\\\/08\\\/logo-200-1.png\",\"contentUrl\":\"https:\\\/\\\/vvaconsultants.com\\\/wp-content\\\/uploads\\\/2025\\\/08\\\/logo-200-1.png\",\"width\":200,\"height\":74,\"caption\":\"VVA Consultants\"},\"image\":{\"@id\":\"https:\\\/\\\/vvaconsultants.com\\\/en\\\/#\\\/schema\\\/logo\\\/image\\\/\"},\"sameAs\":[\"https:\\\/\\\/www.linkedin.com\\\/company\\\/vvaconsultants\\\/\"]}]}<\/script>\n<!-- \/ Yoast SEO plugin. -->","yoast_head_json":{"title":"Aviso legal - VVA Consultants","robots":{"index":"index","follow":"follow","max-snippet":"max-snippet:-1","max-image-preview":"max-image-preview:large","max-video-preview":"max-video-preview:-1"},"canonical":"https:\/\/vvaconsultants.com\/en\/aviso-legal\/","og_locale":"en_US","og_type":"article","og_title":"Aviso legal - VVA Consultants","og_description":"Aviso Legal Informaci\u00f3n General El titular del sitio web http:\/\/www.vvaconsultants.com es VIOL\u00c1N, VIDAL Y ASOCIADOS S.L., con NIF B65169559 y","og_url":"https:\/\/vvaconsultants.com\/en\/aviso-legal\/","og_site_name":"VVA Consultants","article_modified_time":"2026-04-27T14:58:37+00:00","twitter_card":"summary_large_image","twitter_misc":{"Est. reading time":"1 minute"},"schema":{"@context":"https:\/\/schema.org","@graph":[{"@type":"WebPage","@id":"https:\/\/vvaconsultants.com\/en\/aviso-legal\/","url":"https:\/\/vvaconsultants.com\/en\/aviso-legal\/","name":"Aviso legal - VVA Consultants","isPartOf":{"@id":"https:\/\/vvaconsultants.com\/en\/#website"},"datePublished":"2025-10-13T12:11:42+00:00","dateModified":"2026-04-27T14:58:37+00:00","breadcrumb":{"@id":"https:\/\/vvaconsultants.com\/en\/aviso-legal\/#breadcrumb"},"inLanguage":"en-US","potentialAction":[{"@type":"ReadAction","target":["https:\/\/vvaconsultants.com\/en\/aviso-legal\/"]}]},{"@type":"BreadcrumbList","@id":"https:\/\/vvaconsultants.com\/en\/aviso-legal\/#breadcrumb","itemListElement":[{"@type":"ListItem","position":1,"name":"Portada","item":"https:\/\/vvaconsultants.com\/en\/home\/"},{"@type":"ListItem","position":2,"name":"Aviso legal"}]},{"@type":"WebSite","@id":"https:\/\/vvaconsultants.com\/en\/#website","url":"https:\/\/vvaconsultants.com\/en\/","name":"VVA Consultants","description":"","publisher":{"@id":"https:\/\/vvaconsultants.com\/en\/#organization"},"potentialAction":[{"@type":"SearchAction","target":{"@type":"EntryPoint","urlTemplate":"https:\/\/vvaconsultants.com\/en\/?s={search_term_string}"},"query-input":{"@type":"PropertyValueSpecification","valueRequired":true,"valueName":"search_term_string"}}],"inLanguage":"en-US"},{"@type":"Organization","@id":"https:\/\/vvaconsultants.com\/en\/#organization","name":"VVA Consultants","url":"https:\/\/vvaconsultants.com\/en\/","logo":{"@type":"ImageObject","inLanguage":"en-US","@id":"https:\/\/vvaconsultants.com\/en\/#\/schema\/logo\/image\/","url":"https:\/\/vvaconsultants.com\/wp-content\/uploads\/2025\/08\/logo-200-1.png","contentUrl":"https:\/\/vvaconsultants.com\/wp-content\/uploads\/2025\/08\/logo-200-1.png","width":200,"height":74,"caption":"VVA Consultants"},"image":{"@id":"https:\/\/vvaconsultants.com\/en\/#\/schema\/logo\/image\/"},"sameAs":["https:\/\/www.linkedin.com\/company\/vvaconsultants\/"]}]}},"_links":{"self":[{"href":"https:\/\/vvaconsultants.com\/en\/wp-json\/wp\/v2\/pages\/4306","targetHints":{"allow":["GET"]}}],"collection":[{"href":"https:\/\/vvaconsultants.com\/en\/wp-json\/wp\/v2\/pages"}],"about":[{"href":"https:\/\/vvaconsultants.com\/en\/wp-json\/wp\/v2\/types\/page"}],"author":[{"embeddable":true,"href":"https:\/\/vvaconsultants.com\/en\/wp-json\/wp\/v2\/users\/1"}],"replies":[{"embeddable":true,"href":"https:\/\/vvaconsultants.com\/en\/wp-json\/wp\/v2\/comments?post=4306"}],"version-history":[{"count":1,"href":"https:\/\/vvaconsultants.com\/en\/wp-json\/wp\/v2\/pages\/4306\/revisions"}],"predecessor-version":[{"id":4307,"href":"https:\/\/vvaconsultants.com\/en\/wp-json\/wp\/v2\/pages\/4306\/revisions\/4307"}],"wp:attachment":[{"href":"https:\/\/vvaconsultants.com\/en\/wp-json\/wp\/v2\/media?parent=4306"}],"curies":[{"name":"wp","href":"https:\/\/api.w.org\/{rel}","templated":true}]}}